{"id":15,"date":"2026-04-09T02:05:32","date_gmt":"2026-04-09T00:05:32","guid":{"rendered":"https:\/\/schuldenberatung-biberach.de\/impressum\/"},"modified":"2026-04-09T02:05:32","modified_gmt":"2026-04-09T00:05:32","slug":"impressum","status":"publish","type":"page","link":"https:\/\/schuldenberatung-biberach.de\/tr\/impressum\/","title":{"rendered":"Impressum"},"content":{"rendered":"<div class=\"sb-section\">\n<div style=\"max-width:800px;margin:0 auto;padding:0 24px;\">\n<h1>Impressum<\/h1>\n<h2>Angaben gem\u00e4\u00df \u00a7 5 TMG<\/h2>\n<p><strong>Osman Hal\u0131c\u0131 Schuldenberatung und Schreibdienste<\/strong><br \/>\nWeberweg 5<br \/>\n88416 Ochsenhausen<\/p>\n<h2>Kontakt<\/h2>\n<p>Telefon: <a href=\"tel:+491752150890\">+49 175 2150890<\/a><br \/>\nE-Mail: <a href=\"mailto:info@schuldenberatung-biberach.de\">info@schuldenberatung-biberach.de<\/a><\/p>\n<h2>Umsatzsteuer-ID<\/h2>\n<p>Umsatzsteuer-Identifikationsnummer gem\u00e4\u00df \u00a7 27a Umsatzsteuergesetz:<br \/>\nDE352081729<\/p>\n<h2>Steuernummer<\/h2>\n<p>54175\/64594<\/p>\n<h2>Redaktionell verantwortlich<\/h2>\n<p>Osman Hal\u0131c\u0131<br \/>Weberweg 5<br \/>88416 Ochsenhausen<\/p>\n<h2>EU-Streitschlichtung<\/h2>\n<p>Die Europ\u00e4ische Kommission stellt eine Plattform zur Online-Streitbeilegung (OS) bereit: <a href=\"https:\/\/ec.europa.eu\/consumers\/odr\/\" target=\"_blank\" rel=\"noopener noreferrer\">https:\/\/ec.europa.eu\/consumers\/odr\/<\/a><\/p>\n<p>Wir sind nicht bereit oder verpflichtet, an Streitbeilegungsverfahren vor einer Verbraucherschlichtungsstelle teilzunehmen.<\/p>\n<h2>Haftung f\u00fcr Inhalte<\/h2>\n<p>Als Diensteanbieter sind wir gem\u00e4\u00df \u00a7 7 Abs.1 TMG f\u00fcr eigene Inhalte auf diesen Seiten nach den allgemeinen Gesetzen verantwortlich. Nach \u00a7\u00a7 8 bis 10 TMG sind wir als Diensteanbieter jedoch nicht verpflichtet, \u00fcbermittelte oder gespeicherte fremde Informationen zu \u00fcberwachen oder nach Umst\u00e4nden zu forschen, die auf eine rechtswidrige T\u00e4tigkeit hinweisen.<\/p>\n<h2>Haftung f\u00fcr Links<\/h2>\n<p>Unser Angebot enth\u00e4lt Links zu externen Websites Dritter, auf deren Inhalte wir keinen Einfluss haben. Deshalb k\u00f6nnen wir f\u00fcr diese fremden Inhalte auch keine Gew\u00e4hr \u00fcbernehmen. F\u00fcr die Inhalte der verlinkten Seiten ist stets der jeweilige Anbieter oder Betreiber der Seiten verantwortlich.<\/p>\n<h2>Hinweis zur Rechtsberatung<\/h2>\n<p>Wir bieten keine Rechtsberatung im Sinne des Rechtsdienstleistungsgesetzes (RDG) an. F\u00fcr rechtliche Angelegenheiten vermitteln wir an erfahrene Partneranw\u00e4lte.<\/p>\n<\/div>\n<\/div>","protected":false},"excerpt":{"rendered":"<p>Impressum Angaben gem\u00e4\u00df \u00a7 5 TMG Osman Hal\u0131c\u0131 Schuldenberatung und Schreibdienste Weberweg 5 88416 Ochsenhausen Kontakt Telefon: +49 175 2150890 E-Mail: info@schuldenberatung-biberach.de Umsatzsteuer-ID Umsatzsteuer-Identifikationsnummer gem\u00e4\u00df &#8230; <a title=\"Impressum\" class=\"read-more\" href=\"https:\/\/schuldenberatung-biberach.de\/tr\/impressum\/\" aria-label=\"Read more about Impressum\">Read more<\/a><\/p>","protected":false},"author":0,"featured_media":0,"parent":0,"menu_order":0,"comment_status":"closed","ping_status":"closed","template":"","meta":{"footnotes":""},"class_list":["post-15","page","type-page","status-publish"],"_links":{"self":[{"href":"https:\/\/schuldenberatung-biberach.de\/tr\/wp-json\/wp\/v2\/pages\/15","targetHints":{"allow":["GET"]}}],"collection":[{"href":"https:\/\/schuldenberatung-biberach.de\/tr\/wp-json\/wp\/v2\/pages"}],"about":[{"href":"https:\/\/schuldenberatung-biberach.de\/tr\/wp-json\/wp\/v2\/types\/page"}],"replies":[{"embeddable":true,"href":"https:\/\/schuldenberatung-biberach.de\/tr\/wp-json\/wp\/v2\/comments?post=15"}],"version-history":[{"count":0,"href":"https:\/\/schuldenberatung-biberach.de\/tr\/wp-json\/wp\/v2\/pages\/15\/revisions"}],"wp:attachment":[{"href":"https:\/\/schuldenberatung-biberach.de\/tr\/wp-json\/wp\/v2\/media?parent=15"}],"curies":[{"name":"wp","href":"https:\/\/api.w.org\/{rel}","templated":true}]}}