{"id":16,"date":"2026-04-09T02:05:34","date_gmt":"2026-04-09T00:05:34","guid":{"rendered":"https:\/\/schuldenberatung-biberach.de\/datenschutz\/"},"modified":"2026-04-09T02:05:34","modified_gmt":"2026-04-09T00:05:34","slug":"datenschutz","status":"publish","type":"page","link":"https:\/\/schuldenberatung-biberach.de\/tr\/datenschutz\/","title":{"rendered":"Datenschutzerkl\u00e4rung"},"content":{"rendered":"<div class=\"sb-section\">\n<div style=\"max-width:800px;margin:0 auto;padding:0 24px;\">\n<h1>Datenschutzerkl\u00e4rung<\/h1>\n<h2>1. Datenschutz auf einen Blick<\/h2>\n<h3>Allgemeine Hinweise<\/h3>\n<p>Die folgenden Hinweise geben einen einfachen \u00dcberblick dar\u00fcber, was mit Ihren personenbezogenen Daten passiert, wenn Sie diese Website besuchen. Personenbezogene Daten sind alle Daten, mit denen Sie pers\u00f6nlich identifiziert werden k\u00f6nnen.<\/p>\n<h3>Datenerfassung auf dieser Website<\/h3>\n<p><strong>Wer ist verantwortlich f\u00fcr die Datenerfassung auf dieser Website?<\/strong><br \/>\nDie Datenverarbeitung auf dieser Website erfolgt durch den Websitebetreiber. Dessen Kontaktdaten k\u00f6nnen Sie dem Abschnitt \u201eHinweis zur verantwortlichen Stelle&#8220; in dieser Datenschutzerkl\u00e4rung entnehmen.<\/p>\n<h2>2. Verantwortliche Stelle<\/h2>\n<p>Osman Hal\u0131c\u0131 Schuldenberatung und Schreibdienste<br \/>\nWeberweg 5<br \/>\n88416 Ochsenhausen<br \/>\nTelefon: +49 175 2150890<br \/>\nE-Mail: info@schuldenberatung-biberach.de<\/p>\n<h2>3. Datenerfassung auf dieser Website<\/h2>\n<h3>Kontaktformular<\/h3>\n<p>Wenn Sie uns per Kontaktformular Anfragen zukommen lassen, werden Ihre Angaben aus dem Anfrageformular inklusive der von Ihnen dort angegebenen Kontaktdaten zwecks Bearbeitung der Anfrage und f\u00fcr den Fall von Anschlussfragen bei uns gespeichert. Diese Daten geben wir nicht ohne Ihre Einwilligung weiter. Rechtsgrundlage: Art. 6 Abs. 1 lit. b DSGVO.<\/p>\n<h3>Server-Log-Dateien<\/h3>\n<p>Der Provider der Seiten erhebt und speichert automatisch Informationen in sogenannten Server-Log-Dateien, die Ihr Browser automatisch an uns \u00fcbermittelt. Dies sind: Browsertyp und Browserversion, verwendetes Betriebssystem, Referrer URL, Hostname des zugreifenden Rechners, Uhrzeit der Serveranfrage, IP-Adresse. Eine Zusammenf\u00fchrung dieser Daten mit anderen Datenquellen wird nicht vorgenommen.<\/p>\n<h2>4. Ihre Rechte<\/h2>\n<p>Sie haben jederzeit das Recht auf unentgeltliche Auskunft \u00fcber Ihre gespeicherten personenbezogenen Daten, deren Herkunft und Empf\u00e4nger und den Zweck der Datenverarbeitung sowie ein Recht auf Berichtigung oder L\u00f6schung dieser Daten. Hierzu sowie zu weiteren Fragen zum Thema personenbezogene Daten k\u00f6nnen Sie sich jederzeit an uns wenden.<\/p>\n<p>Sie haben das Recht, sich bei der zust\u00e4ndigen Aufsichtsbeh\u00f6rde zu beschweren: Der Landesbeauftragte f\u00fcr den Datenschutz und die Informationsfreiheit Baden-W\u00fcrttemberg.<\/p>\n<h2>5. Cookies<\/h2>\n<p>Diese Website verwendet ausschlie\u00dflich technisch notwendige Cookies, die f\u00fcr den Betrieb der Seite erforderlich sind. Eine Einwilligung ist hierf\u00fcr nicht erforderlich (\u00a7 25 Abs. 2 TTDSG).<\/p>\n<h2>6. Hosting<\/h2>\n<p>Diese Website wird bei DigitalOcean gehostet. Anbieter: DigitalOcean, LLC, 101 Avenue of the Americas, 10th Floor, New York, NY 10013, USA. Weitere Informationen finden Sie in der Datenschutzerkl\u00e4rung von DigitalOcean.<\/p>\n<\/div>\n<\/div>","protected":false},"excerpt":{"rendered":"<p>Datenschutzerkl\u00e4rung 1. Datenschutz auf einen Blick Allgemeine Hinweise Die folgenden Hinweise geben einen einfachen \u00dcberblick dar\u00fcber, was mit Ihren personenbezogenen Daten passiert, wenn Sie diese &#8230; <a title=\"Datenschutzerkl\u00e4rung\" class=\"read-more\" href=\"https:\/\/schuldenberatung-biberach.de\/tr\/datenschutz\/\" aria-label=\"Read more about Datenschutzerkl\u00e4rung\">Read more<\/a><\/p>","protected":false},"author":0,"featured_media":0,"parent":0,"menu_order":0,"comment_status":"closed","ping_status":"closed","template":"","meta":{"footnotes":""},"class_list":["post-16","page","type-page","status-publish"],"_links":{"self":[{"href":"https:\/\/schuldenberatung-biberach.de\/tr\/wp-json\/wp\/v2\/pages\/16","targetHints":{"allow":["GET"]}}],"collection":[{"href":"https:\/\/schuldenberatung-biberach.de\/tr\/wp-json\/wp\/v2\/pages"}],"about":[{"href":"https:\/\/schuldenberatung-biberach.de\/tr\/wp-json\/wp\/v2\/types\/page"}],"replies":[{"embeddable":true,"href":"https:\/\/schuldenberatung-biberach.de\/tr\/wp-json\/wp\/v2\/comments?post=16"}],"version-history":[{"count":0,"href":"https:\/\/schuldenberatung-biberach.de\/tr\/wp-json\/wp\/v2\/pages\/16\/revisions"}],"wp:attachment":[{"href":"https:\/\/schuldenberatung-biberach.de\/tr\/wp-json\/wp\/v2\/media?parent=16"}],"curies":[{"name":"wp","href":"https:\/\/api.w.org\/{rel}","templated":true}]}}